{"id":566,"date":"2023-05-23T12:17:40","date_gmt":"2023-05-23T12:17:40","guid":{"rendered":"https:\/\/www.tn.awr-assistance.com.tn\/?page_id=566"},"modified":"2025-01-07T13:29:36","modified_gmt":"2025-01-07T13:29:36","slug":"securite-publique","status":"publish","type":"page","link":"https:\/\/www.awr-assistance.com.tn\/en\/securite-publique\/","title":{"rendered":"Public Safety"},"content":{"rendered":"","protected":false},"excerpt":{"rendered":"","protected":false},"author":1,"featured_media":0,"parent":0,"menu_order":0,"comment_status":"closed","ping_status":"closed","template":"","meta":{"_gspb_post_css":"","_uag_custom_page_level_css":"","footnotes":""},"class_list":["post-566","page","type-page","status-publish","hentry"],"yoast_head":"<!-- This site is optimized with the Yoast SEO plugin v21.8 - https:\/\/yoast.com\/wordpress\/plugins\/seo\/ -->\n<title>S\u00e9curit\u00e9 Publique - AWR Technics<\/title>\n<meta name=\"description\" content=\"Nos services incluent l\u2019\u00e9quipement des salles d\u2019op\u00e9rations afin de permettre une gestion de crises efficace, avec une infrastructure de coordination fiable et s\u00e9curis\u00e9e.\" \/>\n<meta name=\"robots\" content=\"index, follow, max-snippet:-1, max-image-preview:large, max-video-preview:-1\" \/>\n<link rel=\"canonical\" href=\"https:\/\/www.awr-assistance.com.tn\/en\/securite-publique\/\" \/>\n<meta property=\"og:locale\" content=\"en_GB\" \/>\n<meta property=\"og:type\" content=\"article\" \/>\n<meta property=\"og:title\" content=\"S\u00e9curit\u00e9 Publique - AWR Technics\" \/>\n<meta property=\"og:description\" content=\"Nos services incluent l\u2019\u00e9quipement des salles d\u2019op\u00e9rations afin de permettre une gestion de crises efficace, avec une infrastructure de coordination fiable et s\u00e9curis\u00e9e.\" \/>\n<meta property=\"og:url\" content=\"https:\/\/www.awr-assistance.com.tn\/en\/securite-publique\/\" \/>\n<meta property=\"og:site_name\" content=\"AWR Technics\" \/>\n<meta property=\"article:modified_time\" content=\"2025-01-07T13:29:36+00:00\" \/>\n<meta property=\"og:image\" content=\"https:\/\/www.awr-assistance.com.tn\/wp-content\/uploads\/2024\/01\/logo_awr_finale1.png\" \/>\n\t<meta property=\"og:image:width\" content=\"1904\" \/>\n\t<meta property=\"og:image:height\" content=\"997\" \/>\n\t<meta property=\"og:image:type\" content=\"image\/png\" \/>\n<meta name=\"twitter:card\" content=\"summary_large_image\" \/>\n<script type=\"application\/ld+json\" class=\"yoast-schema-graph\">{\"@context\":\"https:\/\/schema.org\",\"@graph\":[{\"@type\":\"WebPage\",\"@id\":\"https:\/\/www.awr-assistance.com.tn\/securite-publique\/\",\"url\":\"https:\/\/www.awr-assistance.com.tn\/securite-publique\/\",\"name\":\"S\u00e9curit\u00e9 Publique - AWR Technics\",\"isPartOf\":{\"@id\":\"https:\/\/www.awr-assistance.com.tn\/#website\"},\"datePublished\":\"2023-05-23T12:17:40+00:00\",\"dateModified\":\"2025-01-07T13:29:36+00:00\",\"description\":\"Nos services incluent l\u2019\u00e9quipement des salles d\u2019op\u00e9rations afin de permettre une gestion de crises efficace, avec une infrastructure de coordination fiable et s\u00e9curis\u00e9e.\",\"breadcrumb\":{\"@id\":\"https:\/\/www.awr-assistance.com.tn\/securite-publique\/#breadcrumb\"},\"inLanguage\":\"en-GB\",\"potentialAction\":[{\"@type\":\"ReadAction\",\"target\":[\"https:\/\/www.awr-assistance.com.tn\/securite-publique\/\"]}]},{\"@type\":\"BreadcrumbList\",\"@id\":\"https:\/\/www.awr-assistance.com.tn\/securite-publique\/#breadcrumb\",\"itemListElement\":[{\"@type\":\"ListItem\",\"position\":1,\"name\":\"Home\",\"item\":\"https:\/\/www.awr-assistance.com.tn\/\"},{\"@type\":\"ListItem\",\"position\":2,\"name\":\"S\u00e9curit\u00e9 Publique\"}]},{\"@type\":\"WebSite\",\"@id\":\"https:\/\/www.awr-assistance.com.tn\/#website\",\"url\":\"https:\/\/www.awr-assistance.com.tn\/\",\"name\":\"AWR Technics\",\"description\":\"\",\"publisher\":{\"@id\":\"https:\/\/www.awr-assistance.com.tn\/#organization\"},\"potentialAction\":[{\"@type\":\"SearchAction\",\"target\":{\"@type\":\"EntryPoint\",\"urlTemplate\":\"https:\/\/www.awr-assistance.com.tn\/?s={search_term_string}\"},\"query-input\":\"required name=search_term_string\"}],\"inLanguage\":\"en-GB\"},{\"@type\":\"Organization\",\"@id\":\"https:\/\/www.awr-assistance.com.tn\/#organization\",\"name\":\"AWR Technics\",\"url\":\"https:\/\/www.awr-assistance.com.tn\/\",\"logo\":{\"@type\":\"ImageObject\",\"inLanguage\":\"en-GB\",\"@id\":\"https:\/\/www.awr-assistance.com.tn\/#\/schema\/logo\/image\/\",\"url\":\"https:\/\/www.awr-assistance.com.tn\/wp-content\/uploads\/2024\/02\/logo_awr_x11.png\",\"contentUrl\":\"https:\/\/www.awr-assistance.com.tn\/wp-content\/uploads\/2024\/02\/logo_awr_x11.png\",\"width\":740,\"height\":458,\"caption\":\"AWR Technics\"},\"image\":{\"@id\":\"https:\/\/www.awr-assistance.com.tn\/#\/schema\/logo\/image\/\"},\"sameAs\":[\"https:\/\/tn.linkedin.com\/company\/awr-technics\"]}]}<\/script>\n<!-- \/ Yoast SEO plugin. -->","yoast_head_json":{"title":"S\u00e9curit\u00e9 Publique - AWR Technics","description":"Nos services incluent l\u2019\u00e9quipement des salles d\u2019op\u00e9rations afin de permettre une gestion de crises efficace, avec une infrastructure de coordination fiable et s\u00e9curis\u00e9e.","robots":{"index":"index","follow":"follow","max-snippet":"max-snippet:-1","max-image-preview":"max-image-preview:large","max-video-preview":"max-video-preview:-1"},"canonical":"https:\/\/www.awr-assistance.com.tn\/en\/securite-publique\/","og_locale":"en_GB","og_type":"article","og_title":"S\u00e9curit\u00e9 Publique - AWR Technics","og_description":"Nos services incluent l\u2019\u00e9quipement des salles d\u2019op\u00e9rations afin de permettre une gestion de crises efficace, avec une infrastructure de coordination fiable et s\u00e9curis\u00e9e.","og_url":"https:\/\/www.awr-assistance.com.tn\/en\/securite-publique\/","og_site_name":"AWR Technics","article_modified_time":"2025-01-07T13:29:36+00:00","og_image":[{"width":1904,"height":997,"url":"https:\/\/www.awr-assistance.com.tn\/wp-content\/uploads\/2024\/01\/logo_awr_finale1.png","type":"image\/png"}],"twitter_card":"summary_large_image","schema":{"@context":"https:\/\/schema.org","@graph":[{"@type":"WebPage","@id":"https:\/\/www.awr-assistance.com.tn\/securite-publique\/","url":"https:\/\/www.awr-assistance.com.tn\/securite-publique\/","name":"S\u00e9curit\u00e9 Publique - AWR Technics","isPartOf":{"@id":"https:\/\/www.awr-assistance.com.tn\/#website"},"datePublished":"2023-05-23T12:17:40+00:00","dateModified":"2025-01-07T13:29:36+00:00","description":"Nos services incluent l\u2019\u00e9quipement des salles d\u2019op\u00e9rations afin de permettre une gestion de crises efficace, avec une infrastructure de coordination fiable et s\u00e9curis\u00e9e.","breadcrumb":{"@id":"https:\/\/www.awr-assistance.com.tn\/securite-publique\/#breadcrumb"},"inLanguage":"en-GB","potentialAction":[{"@type":"ReadAction","target":["https:\/\/www.awr-assistance.com.tn\/securite-publique\/"]}]},{"@type":"BreadcrumbList","@id":"https:\/\/www.awr-assistance.com.tn\/securite-publique\/#breadcrumb","itemListElement":[{"@type":"ListItem","position":1,"name":"Home","item":"https:\/\/www.awr-assistance.com.tn\/"},{"@type":"ListItem","position":2,"name":"S\u00e9curit\u00e9 Publique"}]},{"@type":"WebSite","@id":"https:\/\/www.awr-assistance.com.tn\/#website","url":"https:\/\/www.awr-assistance.com.tn\/","name":"AWR Technics","description":"","publisher":{"@id":"https:\/\/www.awr-assistance.com.tn\/#organization"},"potentialAction":[{"@type":"SearchAction","target":{"@type":"EntryPoint","urlTemplate":"https:\/\/www.awr-assistance.com.tn\/?s={search_term_string}"},"query-input":"required name=search_term_string"}],"inLanguage":"en-GB"},{"@type":"Organization","@id":"https:\/\/www.awr-assistance.com.tn\/#organization","name":"AWR Technics","url":"https:\/\/www.awr-assistance.com.tn\/","logo":{"@type":"ImageObject","inLanguage":"en-GB","@id":"https:\/\/www.awr-assistance.com.tn\/#\/schema\/logo\/image\/","url":"https:\/\/www.awr-assistance.com.tn\/wp-content\/uploads\/2024\/02\/logo_awr_x11.png","contentUrl":"https:\/\/www.awr-assistance.com.tn\/wp-content\/uploads\/2024\/02\/logo_awr_x11.png","width":740,"height":458,"caption":"AWR Technics"},"image":{"@id":"https:\/\/www.awr-assistance.com.tn\/#\/schema\/logo\/image\/"},"sameAs":["https:\/\/tn.linkedin.com\/company\/awr-technics"]}]}},"uagb_featured_image_src":{"full":false,"thumbnail":false,"medium":false,"medium_large":false,"large":false,"twp-icon":false,"1536x1536":false,"2048x2048":false,"trp-custom-language-flag":false,"tlp-portfolio-thumb":false},"uagb_author_info":{"display_name":"awr_admin","author_link":"https:\/\/www.awr-assistance.com.tn\/en\/author\/awr_admin\/"},"uagb_comment_info":0,"uagb_excerpt":null,"_links":{"self":[{"href":"https:\/\/www.awr-assistance.com.tn\/en\/wp-json\/wp\/v2\/pages\/566","targetHints":{"allow":["GET"]}}],"collection":[{"href":"https:\/\/www.awr-assistance.com.tn\/en\/wp-json\/wp\/v2\/pages"}],"about":[{"href":"https:\/\/www.awr-assistance.com.tn\/en\/wp-json\/wp\/v2\/types\/page"}],"author":[{"embeddable":true,"href":"https:\/\/www.awr-assistance.com.tn\/en\/wp-json\/wp\/v2\/users\/1"}],"replies":[{"embeddable":true,"href":"https:\/\/www.awr-assistance.com.tn\/en\/wp-json\/wp\/v2\/comments?post=566"}],"version-history":[{"count":1,"href":"https:\/\/www.awr-assistance.com.tn\/en\/wp-json\/wp\/v2\/pages\/566\/revisions"}],"predecessor-version":[{"id":567,"href":"https:\/\/www.awr-assistance.com.tn\/en\/wp-json\/wp\/v2\/pages\/566\/revisions\/567"}],"wp:attachment":[{"href":"https:\/\/www.awr-assistance.com.tn\/en\/wp-json\/wp\/v2\/media?parent=566"}],"curies":[{"name":"wp","href":"https:\/\/api.w.org\/{rel}","templated":true}]}}