{"id":542,"date":"2023-05-22T08:01:38","date_gmt":"2023-05-22T08:01:38","guid":{"rendered":"https:\/\/www.tn.awr-assistance.com.tn\/?page_id=542"},"modified":"2023-05-30T12:40:43","modified_gmt":"2023-05-30T12:40:43","slug":"references","status":"publish","type":"page","link":"https:\/\/www.awr-assistance.com.tn\/en\/references\/","title":{"rendered":"References"},"content":{"rendered":"<style type=\"text\/css\" id=\"dynamic_style\">.portfolio_designer_id .pdl_single_wrapp {\n  padding: 5px 5px;\n  box-sizing: border-box;\n}\n.portfolio_designer_id .pdl_single_wrapp .mask-contents,\n.portfolio_designer_id .pdl_single_wrapp .mask-contents h4,\n.portfolio_designer_id .pdl_single_wrapp .mask-contents p {\n  background-color: #222222;\n}\n.portfolio_designer_id .pdl_single_wrapp.overlay_image .mask-wrapper {\n  border-radius: 14px;\n}\n.portfolio_designer_id .effect_2 .mask_bg,\n.portfolio_designer_id .mask-wrapper .mask {\n  background-color: rgba(0,0,0,0.7);\n}\n.portfolio_designer_id .mask-wrapper .mask h4,\n.portfolio_designer_id .pdl_single_wrapp .mask-contents h4 {\n  font-size: unset;\n  font-size: 20px;\n  color: #bfbfbf;\n  font-style: normal;\n  font-weight: normal;\n  text-transform: none;\n  text-decoration: none;\n  line-height: 1.5;\n  letter-spacing: 0;\n}\n.portfolio_designer_id .effect_1 .mask-wrapper h4,\n.portfolio_designer_id .effect_3 .mask-wrapper h4 {\n  background-color: rgba(0,0,0,0.8);\n}\n.portfolio_designer_id .pdl_single_wrapp.effect_1 .mask-contents h4,\n.portfolio_designer_id .pdl_single_wrapp.effect_3 .mask-contents h4 {\n  background-color: rgba(34,34,34,0.8);\n}\n.portfolio_designer_id .effect_2 .mask-wrapper h4,\n.portfolio_designer_id .effect_4 .mask-wrapper h4 {\n  border-color: rgba(0,0,0,0.3);\n}\n.portfolio_designer_id .pdl_single_wrapp.effect_2 .mask-contents h4,\n.portfolio_designer_id .pdl_single_wrapp.effect_4 .mask-contents h4 {\n  border-color: rgba(34,34,34,0.3);\n}\n.portfolio_designer_id .mask-wrapper .mask p,\n.portfolio_designer_id .pdl_single_wrapp .mask-contents p {\n  font-size: unset;\n  font-size: 11px;\n  color: #000000;\n  font-style: normal;\n  font-weight: normal;\n  text-transform: none;\n  text-decoration: none;\n  line-height: 1.5;\n  letter-spacing: 0;\n}\n.portfolio_designer_id .portfolio_filter_gallery ul li a:hover,\n.portfolio_designer_id .portfolio_filter_gallery ul li a.portfolio_gallery_selected {\n  background-color: transparent;\n  color: #dd9933;\n  border-color: #dd9933;\n}\n.portfolio_designer_id .portfolio_filter_gallery ul li a {\n  font-size: unset;\n  font-size: 18px;\n  color: #222;\n  background-color: transparent;\n  font-style: normal;\n  font-weight: normal;\n  text-transform: none;\n  text-decoration: none;\n  line-height: 1.5;\n  letter-spacing: 0;\n  padding-top: 5px;\n  padding-bottom: 5px;\n  padding-left: 15px;\n  padding-right: 15px;\n  border-width: 1px;\n  border-color: #000000;\n  border-style: solid;\n  transition: 0.2s all;\n  -ms-transition: 0.2s all;\n  -webkit-transition: 0.2s all;\n  -o-transition: 0.2s all;\n  display: inline-block;\n}\n.portfolio_designer_id .portdesign-load-more-btn {\n  padding: 10px 15px;\n  font-size: unset;\n  color: #000000;\n  background-color: #fff;\n  border-color: #fff;\n  -webkit-border-radius: 0;\n  -moz-border-radius: 0;\n  -ms-border-radius: 0;\n  -o-border-radius: 0;\n  border-radius: 0;\n}\n.portfolio_designer_id .portdesign-load-more-btn:hover,\n.portfolio_designer_id .portdesign-load-more-btn:focus {\n  color: #fff;\n  background-color: #000000;\n  border-color: #fff;\n}\n.portfolio_designer_id .mask-wrapper .mask a.info span {\n  color: #000000;\n  border-color: #000000;\n}\n<\/style>\t\t\t\t<div class=\"portfolio_designer_id\t\t\t\t portfolio_filter_class\">\n\t\t\t\t\t\t\t\t\t\t\t\t<div class=\"portfolio_filter_gallery\">\n\t\t\t\t\t\t\t<ul id=\"portfolio_filter_gallery_ul\" class=\"portfolio_filter_gallery_ul\" >\n\t\t\t\t\t\t\t\t<li id=\"portfolio_gallery_menu_Showall\" data-filter=\"*\" class=\"show_all\"><a class=\"portfolio_gallery_selected\" href=\"javascript:void(0)\">Show All<\/a><\/li>\n\t\t\t\t\t\t\t\t\t\t\t\t\t\t\t\t\t\t\t<li data-filter=\".cns-atm\" class=\"cns-atm\">\n\t\t\t\t\t\t\t\t\t\t\t\t<a href=\"javascript:void(0)\">CNS\/ATM<\/a>\n\t\t\t\t\t\t\t\t\t\t\t<\/li>\n\t\t\t\t\t\t\t\t\t\t\t\t\t\t\t\t\t\t\t\t\t\t<li data-filter=\".meteorologie\" class=\"meteorologie\">\n\t\t\t\t\t\t\t\t\t\t\t\t<a href=\"javascript:void(0)\">Meteorology<\/a>\n\t\t\t\t\t\t\t\t\t\t\t<\/li>\n\t\t\t\t\t\t\t\t\t\t\t\t\t\t\t\t\t\t<\/ul>\n\t\t\t\t\t\t<\/div>\n\t\t\t\t\t\t\t\t\t\t<div class=\"portfolio_gallery column-layout-3\">\n\t\t\t\t\t\t\t\t\t\t\t\t\t<div class=\"pdl_single_wrapp overlay_image clm-3 enclose_zoomin cns-atm\" style=\"display: inline-block; height: auto;\">\n\t\t\t\t\t\t\t\t<div class=\"mask-wrapper portfolio-image-content\">\n\t\t\t\t\t\t\t\t\t<a href=\"https:\/\/www.awr-assistance.com.tn\/en\/sol-portfolio\/mssr-for-equatorial-guinea\/\" title=\"MSSR for Equatorial Guinea\" >\n\t\t\t\t\t\t\t\t\t\t<img decoding=\"async\" src=\"https:\/\/www.awr-assistance.com.tn\/wp-content\/uploads\/2023\/05\/airpot.png\" alt=\"\" \/>\t\t\t\t\t\t\t\t\t<\/a>\n\t\t\t\t\t\t\t\t\t\t\t\t\t\t\t\t\t\t\t<div class=\"mask_bg\"><\/div>\n\t\t\t\t\t\t\t\t\t\t<div class=\"mask\">\n\t\t\t\t\t\t\t\t\t\t\t<div class=\"mask-inner\">\n\t\t\t\t\t\t\t\t\t\t\t\t\t\t\t\t\t\t\t\t\t\t\t\t\t<a href=\"https:\/\/www.awr-assistance.com.tn\/en\/sol-portfolio\/mssr-for-equatorial-guinea\/\">\n\t\t\t\t\t\t\t\t\t\t\t\t\t\t<h4>MSSR for Equatorial Guinea<\/h4>\n\t\t\t\t\t\t\t\t\t\t\t\t\t<\/a>\n\t\t\t\t\t\t\t\t\t\t\t\t\t\t\t\t\t\t\t\t\t\t\t\t\t\t<div class=\"info-wrapp\">\n\t\t\t\t\t\t\t\t\t\t\t\t\t\t\t\t\t\t\t\t\t\t\t\t\t\t\t\t\t\t<a class=\"info port_fancybox\" href=\"https:\/\/www.awr-assistance.com.tn\/wp-content\/uploads\/2023\/05\/airpot.png\" title=\"MSSR for Equatorial Guinea\" rel=\"group\">\n\t\t\t\t\t\t\t\t\t\t\t\t\t\t\t\t\t<span class=\"fas fa-search\"><\/span>\n\t\t\t\t\t\t\t\t\t\t\t\t\t\t\t\t<\/a>\n\t\t\t\t\t\t\t\t\t\t\t\t\t\t\t\t\t\t\t\t\t\t\t\t\t\t\t\t\t<\/div>\n\t\t\t\t\t\t\t\t\t\t\t\t\t\t\t\t\t\t\t\t\t\t\t\t<\/div>\n\t\t\t\t\t\t\t\t\t\t<\/div>\n\t\t\t\t\t\t\t\t\t\t\t\t\t\t\t\t\t\t<\/div>\n\t\t\t\t\t\t\t\t\t\t\t\t\t\t\t<\/div>\n\t\t\t\t\t\t\t\t\t\t\t\t\t\t<div class=\"pdl_single_wrapp overlay_image clm-3 enclose_zoomin meteorologie\" style=\"display: inline-block; height: auto;\">\n\t\t\t\t\t\t\t\t<div class=\"mask-wrapper portfolio-image-content\">\n\t\t\t\t\t\t\t\t\t<a href=\"https:\/\/www.awr-assistance.com.tn\/en\/sol-portfolio\/systeme-de-commutation-smt-meteorologique\/\" title=\"SMT meteorological switching system\" >\n\t\t\t\t\t\t\t\t\t\t<img decoding=\"async\" src=\"https:\/\/www.awr-assistance.com.tn\/wp-content\/uploads\/2023\/05\/images-3.jpg\" alt=\"\" \/>\t\t\t\t\t\t\t\t\t<\/a>\n\t\t\t\t\t\t\t\t\t\t\t\t\t\t\t\t\t\t\t<div class=\"mask_bg\"><\/div>\n\t\t\t\t\t\t\t\t\t\t<div class=\"mask\">\n\t\t\t\t\t\t\t\t\t\t\t<div class=\"mask-inner\">\n\t\t\t\t\t\t\t\t\t\t\t\t\t\t\t\t\t\t\t\t\t\t\t\t\t<a href=\"https:\/\/www.awr-assistance.com.tn\/en\/sol-portfolio\/systeme-de-commutation-smt-meteorologique\/\">\n\t\t\t\t\t\t\t\t\t\t\t\t\t\t<h4>SMT meteorological switching system<\/h4>\n\t\t\t\t\t\t\t\t\t\t\t\t\t<\/a>\n\t\t\t\t\t\t\t\t\t\t\t\t\t\t\t\t\t\t\t\t\t\t\t\t\t\t<div class=\"info-wrapp\">\n\t\t\t\t\t\t\t\t\t\t\t\t\t\t\t\t\t\t\t\t\t\t\t\t\t\t\t\t\t\t<a class=\"info port_fancybox\" href=\"https:\/\/www.awr-assistance.com.tn\/wp-content\/uploads\/2023\/05\/images-3.jpg\" title=\"SMT meteorological switching system\" rel=\"group\">\n\t\t\t\t\t\t\t\t\t\t\t\t\t\t\t\t\t<span class=\"fas fa-search\"><\/span>\n\t\t\t\t\t\t\t\t\t\t\t\t\t\t\t\t<\/a>\n\t\t\t\t\t\t\t\t\t\t\t\t\t\t\t\t\t\t\t\t\t\t\t\t\t\t\t\t\t<\/div>\n\t\t\t\t\t\t\t\t\t\t\t\t\t\t\t\t\t\t\t\t\t\t\t\t<\/div>\n\t\t\t\t\t\t\t\t\t\t<\/div>\n\t\t\t\t\t\t\t\t\t\t\t\t\t\t\t\t\t\t<\/div>\n\t\t\t\t\t\t\t\t\t\t\t\t\t\t\t<\/div>\n\t\t\t\t\t\t\t\t\t\t\t\t<\/div>\n\n\t\t\t\t\t\t\t\t<div class=\"social-component \t\t\tsysteme-de-commutation-smt-meteorologique large  align-left  after\">\n\t\t\t\t\t\t\t\t\t<div class=\"social-share\">\n\t\t\t\t\t\t<a href=\"https:\/\/www.facebook.com\/sharer\/sharer.php?u=https:\/\/www.awr-assistance.com.tn\/en\/references\/\" target=\"_blank\" class=\"pdl-facebook-share facebook-share social-icon\">\n\t\t\t\t\t\t\t<i class=\"fab fa-facebook-f\"><\/i>\n\t\t\t\t\t\t<\/a>\n\t\t\t\t\t<\/div>\n\t\t\t\t\n\t\t\t\t\n\t\t\t\t\n\t\t\t\t\t\t\t\t\t<div class=\"social-share\">\n\t\t\t\t\t\t<a href=\"https:\/\/twitter.com\/share?text=Syst\u00e8me de commutation SMT m\u00e9t\u00e9orologique&url=https:\/\/www.awr-assistance.com.tn\/en\/references\/\" target=\"_blank\" class=\"twitter-share social-icon\">\n\t\t\t\t\t\t\t<i class=\"fab fa-twitter\"><\/i>\n\t\t\t\t\t\t<\/a>\n\t\t\t\t\t<\/div>\n\t\t\t\t\t\t\t\t<div class=\"clear\"><\/div>\n\t\t\t<\/div>\n\t\t\t<div class=\"clear\"><\/div>\n\t\t\t\t\t\t\t<\/div>","protected":false},"excerpt":{"rendered":"","protected":false},"author":1,"featured_media":0,"parent":0,"menu_order":0,"comment_status":"closed","ping_status":"closed","template":"","meta":{"_gspb_post_css":"","_uag_custom_page_level_css":"","footnotes":""},"class_list":["post-542","page","type-page","status-publish","hentry"],"yoast_head":"<!-- This site is optimized with the Yoast SEO plugin v21.8 - https:\/\/yoast.com\/wordpress\/plugins\/seo\/ -->\n<title>r\u00e9f\u00e9rences - AWR Technics<\/title>\n<meta name=\"robots\" content=\"index, follow, max-snippet:-1, max-image-preview:large, max-video-preview:-1\" \/>\n<link rel=\"canonical\" href=\"https:\/\/www.awr-assistance.com.tn\/en\/references\/\" \/>\n<meta property=\"og:locale\" content=\"en_GB\" \/>\n<meta property=\"og:type\" content=\"article\" \/>\n<meta property=\"og:title\" content=\"r\u00e9f\u00e9rences - AWR Technics\" \/>\n<meta property=\"og:url\" content=\"https:\/\/www.awr-assistance.com.tn\/en\/references\/\" \/>\n<meta property=\"og:site_name\" content=\"AWR Technics\" \/>\n<meta property=\"article:modified_time\" content=\"2023-05-30T12:40:43+00:00\" \/>\n<meta property=\"og:image\" content=\"https:\/\/www.awr-assistance.com.tn\/wp-content\/uploads\/2024\/01\/logo_awr_finale1.png\" \/>\n\t<meta property=\"og:image:width\" content=\"1904\" \/>\n\t<meta property=\"og:image:height\" content=\"997\" \/>\n\t<meta property=\"og:image:type\" content=\"image\/png\" \/>\n<meta name=\"twitter:card\" content=\"summary_large_image\" \/>\n<script type=\"application\/ld+json\" class=\"yoast-schema-graph\">{\"@context\":\"https:\/\/schema.org\",\"@graph\":[{\"@type\":\"WebPage\",\"@id\":\"https:\/\/www.awr-assistance.com.tn\/references\/\",\"url\":\"https:\/\/www.awr-assistance.com.tn\/references\/\",\"name\":\"r\u00e9f\u00e9rences - AWR Technics\",\"isPartOf\":{\"@id\":\"https:\/\/www.awr-assistance.com.tn\/#website\"},\"datePublished\":\"2023-05-22T08:01:38+00:00\",\"dateModified\":\"2023-05-30T12:40:43+00:00\",\"breadcrumb\":{\"@id\":\"https:\/\/www.awr-assistance.com.tn\/references\/#breadcrumb\"},\"inLanguage\":\"en-GB\",\"potentialAction\":[{\"@type\":\"ReadAction\",\"target\":[\"https:\/\/www.awr-assistance.com.tn\/references\/\"]}]},{\"@type\":\"BreadcrumbList\",\"@id\":\"https:\/\/www.awr-assistance.com.tn\/references\/#breadcrumb\",\"itemListElement\":[{\"@type\":\"ListItem\",\"position\":1,\"name\":\"Home\",\"item\":\"https:\/\/www.awr-assistance.com.tn\/\"},{\"@type\":\"ListItem\",\"position\":2,\"name\":\"r\u00e9f\u00e9rences\"}]},{\"@type\":\"WebSite\",\"@id\":\"https:\/\/www.awr-assistance.com.tn\/#website\",\"url\":\"https:\/\/www.awr-assistance.com.tn\/\",\"name\":\"AWR Technics\",\"description\":\"\",\"publisher\":{\"@id\":\"https:\/\/www.awr-assistance.com.tn\/#organization\"},\"potentialAction\":[{\"@type\":\"SearchAction\",\"target\":{\"@type\":\"EntryPoint\",\"urlTemplate\":\"https:\/\/www.awr-assistance.com.tn\/?s={search_term_string}\"},\"query-input\":\"required name=search_term_string\"}],\"inLanguage\":\"en-GB\"},{\"@type\":\"Organization\",\"@id\":\"https:\/\/www.awr-assistance.com.tn\/#organization\",\"name\":\"AWR Technics\",\"url\":\"https:\/\/www.awr-assistance.com.tn\/\",\"logo\":{\"@type\":\"ImageObject\",\"inLanguage\":\"en-GB\",\"@id\":\"https:\/\/www.awr-assistance.com.tn\/#\/schema\/logo\/image\/\",\"url\":\"https:\/\/www.awr-assistance.com.tn\/wp-content\/uploads\/2024\/02\/logo_awr_x11.png\",\"contentUrl\":\"https:\/\/www.awr-assistance.com.tn\/wp-content\/uploads\/2024\/02\/logo_awr_x11.png\",\"width\":740,\"height\":458,\"caption\":\"AWR Technics\"},\"image\":{\"@id\":\"https:\/\/www.awr-assistance.com.tn\/#\/schema\/logo\/image\/\"},\"sameAs\":[\"https:\/\/tn.linkedin.com\/company\/awr-technics\"]}]}<\/script>\n<!-- \/ Yoast SEO plugin. -->","yoast_head_json":{"title":"r\u00e9f\u00e9rences - AWR Technics","robots":{"index":"index","follow":"follow","max-snippet":"max-snippet:-1","max-image-preview":"max-image-preview:large","max-video-preview":"max-video-preview:-1"},"canonical":"https:\/\/www.awr-assistance.com.tn\/en\/references\/","og_locale":"en_GB","og_type":"article","og_title":"r\u00e9f\u00e9rences - AWR Technics","og_url":"https:\/\/www.awr-assistance.com.tn\/en\/references\/","og_site_name":"AWR Technics","article_modified_time":"2023-05-30T12:40:43+00:00","og_image":[{"width":1904,"height":997,"url":"https:\/\/www.awr-assistance.com.tn\/wp-content\/uploads\/2024\/01\/logo_awr_finale1.png","type":"image\/png"}],"twitter_card":"summary_large_image","schema":{"@context":"https:\/\/schema.org","@graph":[{"@type":"WebPage","@id":"https:\/\/www.awr-assistance.com.tn\/references\/","url":"https:\/\/www.awr-assistance.com.tn\/references\/","name":"r\u00e9f\u00e9rences - AWR Technics","isPartOf":{"@id":"https:\/\/www.awr-assistance.com.tn\/#website"},"datePublished":"2023-05-22T08:01:38+00:00","dateModified":"2023-05-30T12:40:43+00:00","breadcrumb":{"@id":"https:\/\/www.awr-assistance.com.tn\/references\/#breadcrumb"},"inLanguage":"en-GB","potentialAction":[{"@type":"ReadAction","target":["https:\/\/www.awr-assistance.com.tn\/references\/"]}]},{"@type":"BreadcrumbList","@id":"https:\/\/www.awr-assistance.com.tn\/references\/#breadcrumb","itemListElement":[{"@type":"ListItem","position":1,"name":"Home","item":"https:\/\/www.awr-assistance.com.tn\/"},{"@type":"ListItem","position":2,"name":"r\u00e9f\u00e9rences"}]},{"@type":"WebSite","@id":"https:\/\/www.awr-assistance.com.tn\/#website","url":"https:\/\/www.awr-assistance.com.tn\/","name":"AWR Technics","description":"","publisher":{"@id":"https:\/\/www.awr-assistance.com.tn\/#organization"},"potentialAction":[{"@type":"SearchAction","target":{"@type":"EntryPoint","urlTemplate":"https:\/\/www.awr-assistance.com.tn\/?s={search_term_string}"},"query-input":"required name=search_term_string"}],"inLanguage":"en-GB"},{"@type":"Organization","@id":"https:\/\/www.awr-assistance.com.tn\/#organization","name":"AWR Technics","url":"https:\/\/www.awr-assistance.com.tn\/","logo":{"@type":"ImageObject","inLanguage":"en-GB","@id":"https:\/\/www.awr-assistance.com.tn\/#\/schema\/logo\/image\/","url":"https:\/\/www.awr-assistance.com.tn\/wp-content\/uploads\/2024\/02\/logo_awr_x11.png","contentUrl":"https:\/\/www.awr-assistance.com.tn\/wp-content\/uploads\/2024\/02\/logo_awr_x11.png","width":740,"height":458,"caption":"AWR Technics"},"image":{"@id":"https:\/\/www.awr-assistance.com.tn\/#\/schema\/logo\/image\/"},"sameAs":["https:\/\/tn.linkedin.com\/company\/awr-technics"]}]}},"uagb_featured_image_src":{"full":false,"thumbnail":false,"medium":false,"medium_large":false,"large":false,"twp-icon":false,"1536x1536":false,"2048x2048":false,"trp-custom-language-flag":false,"tlp-portfolio-thumb":false},"uagb_author_info":{"display_name":"awr_admin","author_link":"https:\/\/www.awr-assistance.com.tn\/en\/author\/awr_admin\/"},"uagb_comment_info":0,"uagb_excerpt":null,"_links":{"self":[{"href":"https:\/\/www.awr-assistance.com.tn\/en\/wp-json\/wp\/v2\/pages\/542","targetHints":{"allow":["GET"]}}],"collection":[{"href":"https:\/\/www.awr-assistance.com.tn\/en\/wp-json\/wp\/v2\/pages"}],"about":[{"href":"https:\/\/www.awr-assistance.com.tn\/en\/wp-json\/wp\/v2\/types\/page"}],"author":[{"embeddable":true,"href":"https:\/\/www.awr-assistance.com.tn\/en\/wp-json\/wp\/v2\/users\/1"}],"replies":[{"embeddable":true,"href":"https:\/\/www.awr-assistance.com.tn\/en\/wp-json\/wp\/v2\/comments?post=542"}],"version-history":[{"count":2,"href":"https:\/\/www.awr-assistance.com.tn\/en\/wp-json\/wp\/v2\/pages\/542\/revisions"}],"predecessor-version":[{"id":738,"href":"https:\/\/www.awr-assistance.com.tn\/en\/wp-json\/wp\/v2\/pages\/542\/revisions\/738"}],"wp:attachment":[{"href":"https:\/\/www.awr-assistance.com.tn\/en\/wp-json\/wp\/v2\/media?parent=542"}],"curies":[{"name":"wp","href":"https:\/\/api.w.org\/{rel}","templated":true}]}}